{"id":8051,"date":"2022-11-16T11:57:59","date_gmt":"2022-11-16T10:57:59","guid":{"rendered":"https:\/\/www.domaine-mordoree.com\/?page_id=8051"},"modified":"2025-04-14T16:23:01","modified_gmt":"2025-04-14T14:23:01","slug":"contact-us","status":"publish","type":"page","link":"https:\/\/www.domaine-mordoree.com\/en\/contact-us\/","title":{"rendered":"Contact us"},"content":{"rendered":"<p>[et_pb_section fb_built=&#8221;1&#8243; fullwidth=&#8221;on&#8221; _builder_version=&#8221;4.19.0&#8243; _module_preset=&#8221;default&#8221; background_image=&#8221;https:\/\/www.domaine-mordoree.com\/wp-content\/uploads\/2022\/12\/madeleine-ambre-delorme-nous-contacter.webp&#8221; parallax=&#8221;on&#8221; parallax_method=&#8221;off&#8221; height=&#8221;775px&#8221; height_tablet=&#8221;350px&#8221; height_phone=&#8221;260px&#8221; height_last_edited=&#8221;on|phone&#8221; max_height=&#8221;775px&#8221; global_colors_info=&#8221;{}&#8221;][\/et_pb_section][et_pb_section fb_built=&#8221;1&#8243; custom_padding_last_edited=&#8221;on|desktop&#8221; _builder_version=&#8221;4.19.0&#8243; _module_preset=&#8221;default&#8221; custom_margin=&#8221;||0px||false|false&#8221; custom_margin_tablet=&#8221;&#8221; custom_margin_phone=&#8221;||0px||false|false&#8221; custom_margin_last_edited=&#8221;on|phone&#8221; custom_padding=&#8221;||0px||false|false&#8221; custom_padding_tablet=&#8221;&#8221; custom_padding_phone=&#8221;10px||0px||false|false&#8221; saved_tabs=&#8221;all&#8221; global_colors_info=&#8221;{}&#8221;][et_pb_row _builder_version=&#8221;4.19.0&#8243; _module_preset=&#8221;default&#8221; custom_margin=&#8221;0px||0px||false|false&#8221; custom_padding=&#8221;0px||0px||false|false&#8221; global_colors_info=&#8221;{}&#8221;][et_pb_column type=&#8221;4_4&#8243; _builder_version=&#8221;4.19.0&#8243; _module_preset=&#8221;default&#8221; global_colors_info=&#8221;{}&#8221;][et_pb_text _builder_version=&#8221;4.19.0&#8243; _module_preset=&#8221;default&#8221; text_font_size=&#8221;14px&#8221; text_font_size_tablet=&#8221;&#8221; text_font_size_phone=&#8221;12px&#8221; text_font_size_last_edited=&#8221;on|phone&#8221; global_colors_info=&#8221;{}&#8221;]<\/p>\n<div>\n<div><span><nav  aria-label=\"breadcrumb\"><ol class=\"breadcrumb\" itemscope itemtype=\"https:\/\/schema.org\/BreadcrumbList\"><li class=\"breadcrumb-item active\" aria-current=\"page\" itemprop=\"itemListElement\" itemscope itemtype=\"https:\/\/schema.org\/ListItem\"><span itemprop=\"name\">Home page<\/span><meta itemprop=\"position\" content=\"1\"><\/li><\/ol><\/nav><\/span><\/div>\n<\/div>\n<p>[\/et_pb_text][\/et_pb_column][\/et_pb_row][\/et_pb_section][et_pb_section fb_built=&#8221;1&#8243; module_class=&#8221;contactBloc&#8221; _builder_version=&#8221;4.19.0&#8243; _module_preset=&#8221;default&#8221; custom_margin_tablet=&#8221;0px||||false|false&#8221; custom_margin_phone=&#8221;0px||||false|false&#8221; custom_margin_last_edited=&#8221;on|phone&#8221; custom_padding=&#8221;0px||||false|false&#8221; global_colors_info=&#8221;{}&#8221;][et_pb_row column_structure=&#8221;3_5,2_5&#8243; custom_padding_last_edited=&#8221;on|phone&#8221; _builder_version=&#8221;4.19.0&#8243; _module_preset=&#8221;default&#8221; custom_padding_tablet=&#8221;&#8221; custom_padding_phone=&#8221;||0px||false|false&#8221; global_colors_info=&#8221;{}&#8221;][et_pb_column type=&#8221;3_5&#8243; _builder_version=&#8221;4.19.0&#8243; _module_preset=&#8221;default&#8221; global_colors_info=&#8221;{}&#8221;][et_pb_text _builder_version=&#8221;4.19.0&#8243; _module_preset=&#8221;default&#8221; width=&#8221;100%&#8221; global_colors_info=&#8221;{}&#8221;]<\/p>\n<h3>Contact us<\/h3>\n<p>[\/et_pb_text][et_pb_code _builder_version=&#8221;4.19.0&#8243; _module_preset=&#8221;default&#8221; global_colors_info=&#8221;{}&#8221;]\n<div class=\"wpcf7 no-js\" id=\"wpcf7-f8245-o1\" lang=\"en-US\" dir=\"ltr\" data-wpcf7-id=\"8245\">\n<div class=\"screen-reader-response\"><p role=\"status\" aria-live=\"polite\" aria-atomic=\"true\"><\/p> <ul><\/ul><\/div>\n<form action=\"\/en\/wp-json\/wp\/v2\/pages\/8051#wpcf7-f8245-o1\" method=\"post\" class=\"wpcf7-form init\" aria-label=\"Contact form\" novalidate=\"novalidate\" data-status=\"init\">\n<fieldset class=\"hidden-fields-container\"><input type=\"hidden\" name=\"_wpcf7\" value=\"8245\" \/><input type=\"hidden\" name=\"_wpcf7_version\" value=\"6.1.5\" \/><input type=\"hidden\" name=\"_wpcf7_locale\" value=\"en_US\" \/><input type=\"hidden\" name=\"_wpcf7_unit_tag\" value=\"wpcf7-f8245-o1\" \/><input type=\"hidden\" name=\"_wpcf7_container_post\" value=\"0\" \/><input type=\"hidden\" name=\"_wpcf7_posted_data_hash\" value=\"\" \/><input type=\"hidden\" name=\"_wpcf7_recaptcha_response\" value=\"\" \/>\n<\/fieldset>\n<div class=\"topForm\">\n\t<p><span class=\"wpcf7-form-control-wrap\" data-name=\"nom\"><input size=\"40\" maxlength=\"400\" class=\"wpcf7-form-control wpcf7-text wpcf7-validates-as-required\" aria-required=\"true\" aria-invalid=\"false\" placeholder=\"Your name *\" value=\"\" type=\"text\" name=\"nom\" \/><\/span><span class=\"wpcf7-form-control-wrap\" data-name=\"prenom\"><input size=\"40\" maxlength=\"400\" class=\"wpcf7-form-control wpcf7-text wpcf7-validates-as-required\" aria-required=\"true\" aria-invalid=\"false\" placeholder=\"Your surname *\" value=\"\" type=\"text\" name=\"prenom\" \/><\/span><span class=\"wpcf7-form-control-wrap\" data-name=\"telephone\"><input size=\"40\" maxlength=\"400\" class=\"wpcf7-form-control wpcf7-tel wpcf7-validates-as-required wpcf7-text wpcf7-validates-as-tel\" aria-required=\"true\" aria-invalid=\"false\" placeholder=\"Your phone *\" value=\"\" type=\"tel\" name=\"telephone\" \/><\/span><span class=\"wpcf7-form-control-wrap\" data-name=\"email\"><input size=\"40\" maxlength=\"400\" class=\"wpcf7-form-control wpcf7-email wpcf7-validates-as-required wpcf7-text wpcf7-validates-as-email\" aria-required=\"true\" aria-invalid=\"false\" placeholder=\"Your email *\" value=\"\" type=\"email\" name=\"email\" \/><\/span><span class=\"full\"><span class=\"wpcf7-form-control-wrap\" data-name=\"adresse\"><input size=\"40\" maxlength=\"400\" class=\"wpcf7-form-control wpcf7-text wpcf7-validates-as-required\" aria-required=\"true\" aria-invalid=\"false\" placeholder=\"Your adresse *\" value=\"\" type=\"text\" name=\"adresse\" \/><\/span><\/span><span class=\"wpcf7-form-control-wrap\" data-name=\"ville\"><input size=\"40\" maxlength=\"400\" class=\"wpcf7-form-control wpcf7-text wpcf7-validates-as-required\" aria-required=\"true\" aria-invalid=\"false\" placeholder=\"City *\" value=\"\" type=\"text\" name=\"ville\" \/><\/span><span class=\"wpcf7-form-control-wrap\" data-name=\"pays\"><input size=\"40\" maxlength=\"400\" class=\"wpcf7-form-control wpcf7-text wpcf7-validates-as-required\" aria-required=\"true\" aria-invalid=\"false\" placeholder=\"Country *\" value=\"\" type=\"text\" name=\"pays\" \/><\/span>\n\t<\/p>\n<\/div>\n<div class=\"bottomForm\">\n\t<p><span class=\"wpcf7-form-control-wrap\" data-name=\"sujet\"><input size=\"40\" maxlength=\"400\" class=\"wpcf7-form-control wpcf7-text wpcf7-validates-as-required\" aria-required=\"true\" aria-invalid=\"false\" placeholder=\"Subject *\" value=\"\" type=\"text\" name=\"sujet\" \/><\/span><br \/>\n<span class=\"wpcf7-form-control-wrap\" data-name=\"message\"><textarea cols=\"40\" rows=\"10\" maxlength=\"2000\" class=\"wpcf7-form-control wpcf7-textarea wpcf7-validates-as-required\" aria-required=\"true\" aria-invalid=\"false\" placeholder=\"Your message...\" name=\"message\"><\/textarea><\/span><br \/>\n<span class=\"wpcf7-form-control-wrap\" data-name=\"your-consent\"><span class=\"wpcf7-form-control wpcf7-acceptance\"><span class=\"wpcf7-list-item\"><label><input type=\"checkbox\" name=\"your-consent\" value=\"1\" aria-invalid=\"false\" \/><span class=\"wpcf7-list-item-label\">By submitting this form, I accept that the information entered will be used within the strict framework of my request.<\/span><\/label><\/span><\/span><\/span>\n\t<\/p>\n\t<p class=\"infoForm\"><span>* Fields marked with an asterisk (*) are mandatory<\/span>. We are committed to ensuring that the collection and processing of your data from this website complies with the Data Protection Act and the General Protection Regulations. personal data (GDPR). In order to exercise your rights, in particular to access, correct or withdraw your personal data collected via this form, consult our Privacy Policy.\n\t<\/p>\n\t<p><button class=\"customBtnFull\" type=\"submit\">Send<\/button>\n\t<\/p>\n<\/div><div class=\"wpcf7-response-output\" aria-hidden=\"true\"><\/div>\n<\/form>\n<\/div>\n[\/et_pb_code][\/et_pb_column][et_pb_column type=&#8221;2_5&#8243; _builder_version=&#8221;4.19.0&#8243; _module_preset=&#8221;default&#8221; global_colors_info=&#8221;{}&#8221;][et_pb_image src=&#8221;https:\/\/www.domaine-mordoree.com\/wp-content\/uploads\/2022\/11\/croquis-domaine.jpg&#8221; title_text=&#8221;croquis domaine&#8221; _builder_version=&#8221;4.19.0&#8243; _module_preset=&#8221;default&#8221; global_colors_info=&#8221;{}&#8221;][\/et_pb_image][\/et_pb_column][\/et_pb_row][\/et_pb_section][et_pb_section fb_built=&#8221;1&#8243; _builder_version=&#8221;4.19.0&#8243; _module_preset=&#8221;default&#8221; custom_margin=&#8221;||-21px||false|false&#8221; custom_padding=&#8221;55px||0px||false|false&#8221; saved_tabs=&#8221;all&#8221; global_colors_info=&#8221;{}&#8221;][et_pb_row column_structure=&#8221;1_2,1_2&#8243; _builder_version=&#8221;4.19.0&#8243; _module_preset=&#8221;6e200cb3-096a-403c-83b7-815aee6735d4&#8243; width_tablet=&#8221;100%&#8221; custom_margin_tablet=&#8221;|0px||0px|true|false&#8221; custom_margin_phone=&#8221;||||true|false&#8221; custom_margin_last_edited=&#8221;on|desktop&#8221; custom_padding=&#8221;0px|25px|0px|0px|true|false&#8221; global_colors_info=&#8221;{}&#8221;][et_pb_column type=&#8221;1_2&#8243; _builder_version=&#8221;4.19.0&#8243; _module_preset=&#8221;default&#8221; global_colors_info=&#8221;{}&#8221;][et_pb_code _builder_version=&#8221;4.19.0&#8243; _module_preset=&#8221;default&#8221; global_colors_info=&#8221;{}&#8221;]<iframe width=\"100%\" frameborder=\"0\" scrolling=\"no\" marginheight=\"0\" marginwidth=\"0\" class=\"iframeMap\" src=\"https:\/\/www.google.com\/maps\/embed?pb=!1m18!1m12!1m3!1d2869.4753409395967!2d4.703703315337362!3d44.0115708372011!2m3!1f0!2f0!3f0!3m2!1i1024!2i768!4f13.1!3m3!1m2!1s0x12b5bf9322300db9%3A0xe846920f7677036b!2sDomaine%20de%20la%20mordor%C3%A9e!5e0!3m2!1sfr!2stn!4v1621263355050!5m2!1sfr!2stn\"><\/iframe>[\/et_pb_code][\/et_pb_column][et_pb_column type=&#8221;1_2&#8243; _builder_version=&#8221;4.19.0&#8243; _module_preset=&#8221;default&#8221; global_colors_info=&#8221;{}&#8221;][et_pb_text _builder_version=&#8221;4.19.0&#8243; _module_preset=&#8221;default&#8221; width=&#8221;66%&#8221; custom_padding=&#8221;60px||||false|false&#8221; custom_padding_tablet=&#8221;40px||||false|false&#8221; custom_padding_phone=&#8221;25px||||false|false&#8221; custom_padding_last_edited=&#8221;on|phone&#8221; global_colors_info=&#8221;{}&#8221; custom_padding__hover_enabled=&#8221;on|desktop&#8221; custom_padding__hover=&#8221;60px||||false|false&#8221;]<\/p>\n<h3>Domaine de la Mordor\u00e9e<\/h3>\n<p><strong>Madeleine &amp; Ambre DELORME<\/strong><br \/>DELORME &#8211; PROPRI\u00c9TAIRES &#8211; R\u00c9COLTANTS<br \/><span style=\"color: #a8795c;\">250 chemin des Oliviers, 30126 TAVEL, France<\/span><\/p>\n<p>T\u00e9l\u00e9phone : <a href=\"tel:+33(0)4.66.50.00.75\">+33(0)4.66.50.00.75<\/a><br \/>Mail : <a href=\"mailto:info@domaine-mordoree.com\">info@domaine-mordoree.com<\/a><\/p>\n<p>&nbsp;<\/p>\n<p><strong>Shop and wine tasting opening hours:<\/strong><br \/>Monday to friday: 8am &#8211; 12pm &amp; 1.30pm &#8211;\u00a0 5.30pm<\/p>\n<p>Saturdays\u00a0 : 9.30am &#8211; 17.30pm<\/p>\n<p>&nbsp;<\/p>\n<p><strong>AIR-CONDITIONED CELLAR \u2013 SHADED AND FREE PARKING ON SITE<\/strong><br \/>3min from the A9 highway exit \u2013 15min from Ch\u00e2teauneuf du Pape \u2013 18min from Avignon TGV station \u2013 20min from Pont du Gard \u2013 30min from Uz\u00e8s<\/p>\n<p>[\/et_pb_text][\/et_pb_column][\/et_pb_row][\/et_pb_section][et_pb_section fb_built=&#8221;1&#8243; _builder_version=&#8221;4.19.0&#8243; _module_preset=&#8221;default&#8221; custom_margin=&#8221;||0px||false|false&#8221; custom_padding=&#8221;0px||0px||false|false&#8221; global_colors_info=&#8221;{}&#8221;][et_pb_row column_structure=&#8221;1_2,1_2&#8243; use_custom_gutter=&#8221;on&#8221; gutter_width=&#8221;1&#8243; make_equal=&#8221;on&#8221; module_class=&#8221;footerBanner&#8221; _builder_version=&#8221;4.19.0&#8243; _module_preset=&#8221;default&#8221; background_color=&#8221;RGBA(255,255,255,0)&#8221; width=&#8221;100%&#8221; min_height=&#8221;612.2px&#8221; custom_padding=&#8221;2px||0px||false|false&#8221; custom_css_main_element=&#8221;display: flex;||align-items: flex-end;||&#8221; global_colors_info=&#8221;{}&#8221; custom_css_main_element_last_edited=&#8221;on|phone&#8221; custom_css_main_element_tablet=&#8221; &#8221; custom_css_main_element_phone=&#8221; &#8220;][et_pb_column type=&#8221;1_2&#8243; _builder_version=&#8221;4.19.0&#8243; _module_preset=&#8221;default&#8221; background_image=&#8221;https:\/\/www.domaine-mordoree.com\/wp-content\/uploads\/2022\/12\/La_villa_d-ambre.webp&#8221; background_last_edited=&#8221;on|phone&#8221; background_position_tablet=&#8221;center_left&#8221; background_position_phone=&#8221;center_left&#8221; global_colors_info=&#8221;{}&#8221;][et_pb_text _builder_version=&#8221;4.19.0&#8243; _module_preset=&#8221;default&#8221; max_width=&#8221;60%&#8221; custom_margin=&#8221;15px||15px|70px|false|false&#8221; custom_margin_tablet=&#8221;250px||||false|false&#8221; custom_margin_phone=&#8221;200px|||25px|false|false&#8221; custom_margin_last_edited=&#8221;on|tablet&#8221; custom_css_main_element=&#8221;min-height: 450px;||display: flex;||align-items: flex-end;&#8221; global_colors_info=&#8221;{}&#8221; custom_css_main_element_last_edited=&#8221;on|desktop&#8221; custom_css_main_element_tablet=&#8221;min-height: 450px;||display: flex;||align-items: flex-end;&#8221; custom_css_main_element_phone=&#8221;min-height: 450px;||display: flex;||align-items: flex-end;&#8221;]<\/p>\n<h2><span style=\"color: #ffffff;\">La villa<\/span><\/h2>\n<p><span style=\"color: #ffffff;\">Stay in the Villa d\u2019Ambre in Tavel, 10 minutes from Avignon and enjoy the 360\u00b0 view of the Ventoux and the swimming pool with your family or friends (max 12 people)<\/span>[\/et_pb_text][et_pb_button button_url=&#8221;https:\/\/www.domaine-mordoree.com\/en\/la-villa\/&#8221; button_text=&#8221;Book the villa&#8221; button_alignment=&#8221;left&#8221; module_class=&#8221;customBtnBorderWhite&#8221; _builder_version=&#8221;4.19.0&#8243; _module_preset=&#8221;default&#8221; custom_margin=&#8221;0px||70px|70px|false|false&#8221; custom_margin_tablet=&#8221;0px||70px|70px|false|false&#8221; custom_margin_phone=&#8221;||70px|25px|false|false&#8221; custom_margin_last_edited=&#8221;on|phone&#8221; custom_padding=&#8221;10px|19px|10px|19px|true|true&#8221; global_colors_info=&#8221;{}&#8221;][\/et_pb_button][\/et_pb_column][et_pb_column type=&#8221;1_2&#8243; _builder_version=&#8221;4.19.0&#8243; _module_preset=&#8221;default&#8221; background_image=&#8221;https:\/\/www.domaine-mordoree.com\/wp-content\/uploads\/2022\/12\/La_villa_d-ambre2.webp&#8221; global_colors_info=&#8221;{}&#8221;][et_pb_text _builder_version=&#8221;4.19.0&#8243; _module_preset=&#8221;default&#8221; max_width=&#8221;60%&#8221; custom_margin=&#8221;15px||15px|70px|false|false&#8221; custom_margin_tablet=&#8221;250px||||false|false&#8221; custom_margin_phone=&#8221;200px|||25px|false|false&#8221; custom_margin_last_edited=&#8221;on|tablet&#8221; custom_css_main_element=&#8221;min-height: 450px;||display: flex;||align-items: flex-end;&#8221; global_colors_info=&#8221;{}&#8221; custom_css_main_element_last_edited=&#8221;on|desktop&#8221; custom_css_main_element_tablet=&#8221;min-height: 450px;||display: flex;||align-items: flex-end;&#8221; custom_css_main_element_phone=&#8221;min-height: 450px;||display: flex;||align-items: flex-end;&#8221;]<\/p>\n<h2><span style=\"color: #ffffff;\">Visit the domaine<\/span><\/h2>\n<p><span style=\"color: #ffffff;\">Visit the estate shop from Monday to Saturday for a tasting of our vintages and discover our selection of delicatessen products. We also offer an escape to the heart of the vineyard.\u00a0<\/span><\/p>\n<p>[\/et_pb_text][et_pb_button button_url=&#8221;https:\/\/www.domaine-mordoree.com\/en\/visit-us\/&#8221; button_text=&#8221;View activities&#8221; button_alignment=&#8221;left&#8221; module_class=&#8221;customBtnBorderWhite&#8221; _builder_version=&#8221;4.19.0&#8243; _module_preset=&#8221;default&#8221; custom_margin=&#8221;15px||70px|70px|false|false&#8221; custom_margin_tablet=&#8221;15px||70px|70px|false|false&#8221; custom_margin_phone=&#8221;|||25px|false|false&#8221; custom_margin_last_edited=&#8221;on|phone&#8221; custom_padding=&#8221;10px|19px|10px|19px|true|true&#8221; global_colors_info=&#8221;{}&#8221;][\/et_pb_button][\/et_pb_column][\/et_pb_row][\/et_pb_section]<\/p>\n","protected":false},"excerpt":{"rendered":"<p><nav  aria-label=\"breadcrumb\"><ol class=\"breadcrumb\" itemscope itemtype=\"https:\/\/schema.org\/BreadcrumbList\"><li class=\"breadcrumb-item active\" aria-current=\"page\" itemprop=\"itemListElement\" itemscope itemtype=\"https:\/\/schema.org\/ListItem\"><span itemprop=\"name\">Home page<\/span><meta itemprop=\"position\" content=\"1\"><\/li><\/ol><\/nav> Contact us\n<div class=\"wpcf7 no-js\" id=\"wpcf7-f8245-o2\" lang=\"en-US\" dir=\"ltr\" data-wpcf7-id=\"8245\">\n<div class=\"screen-reader-response\"><p role=\"status\" aria-live=\"polite\" aria-atomic=\"true\"><\/p> <ul><\/ul><\/div>\n<form action=\"\/en\/wp-json\/wp\/v2\/pages\/8051#wpcf7-f8245-o2\" method=\"post\" class=\"wpcf7-form init\" aria-label=\"Contact form\" novalidate=\"novalidate\" data-status=\"init\">\n<fieldset class=\"hidden-fields-container\"><input type=\"hidden\" name=\"_wpcf7\" value=\"8245\" \/><input type=\"hidden\" name=\"_wpcf7_version\" value=\"6.1.5\" \/><input type=\"hidden\" name=\"_wpcf7_locale\" value=\"en_US\" \/><input type=\"hidden\" name=\"_wpcf7_unit_tag\" value=\"wpcf7-f8245-o2\" \/><input type=\"hidden\" name=\"_wpcf7_container_post\" value=\"0\" \/><input type=\"hidden\" name=\"_wpcf7_posted_data_hash\" value=\"\" \/><input type=\"hidden\" name=\"_wpcf7_recaptcha_response\" value=\"\" \/>\n<\/fieldset>\n<div class=\"topForm\">\n\t<p><span class=\"wpcf7-form-control-wrap\" data-name=\"nom\"><input size=\"40\" maxlength=\"400\" class=\"wpcf7-form-control wpcf7-text wpcf7-validates-as-required\" aria-required=\"true\" aria-invalid=\"false\" placeholder=\"Your name *\" value=\"\" type=\"text\" name=\"nom\" \/><\/span><span class=\"wpcf7-form-control-wrap\" data-name=\"prenom\"><input size=\"40\" maxlength=\"400\" class=\"wpcf7-form-control wpcf7-text wpcf7-validates-as-required\" aria-required=\"true\" aria-invalid=\"false\" placeholder=\"Your surname *\" value=\"\" type=\"text\" name=\"prenom\" \/><\/span><span class=\"wpcf7-form-control-wrap\" data-name=\"telephone\"><input size=\"40\" maxlength=\"400\" class=\"wpcf7-form-control wpcf7-tel wpcf7-validates-as-required wpcf7-text wpcf7-validates-as-tel\" aria-required=\"true\" aria-invalid=\"false\" placeholder=\"Your phone *\" value=\"\" type=\"tel\" name=\"telephone\" \/><\/span><span class=\"wpcf7-form-control-wrap\" data-name=\"email\"><input size=\"40\" maxlength=\"400\" class=\"wpcf7-form-control wpcf7-email wpcf7-validates-as-required wpcf7-text wpcf7-validates-as-email\" aria-required=\"true\" aria-invalid=\"false\" placeholder=\"Your email *\" value=\"\" type=\"email\" name=\"email\" \/><\/span><span class=\"full\"><span class=\"wpcf7-form-control-wrap\" data-name=\"adresse\"><input size=\"40\" maxlength=\"400\" class=\"wpcf7-form-control wpcf7-text wpcf7-validates-as-required\" aria-required=\"true\" aria-invalid=\"false\" placeholder=\"Your adresse *\" value=\"\" type=\"text\" name=\"adresse\" \/><\/span><\/span><span class=\"wpcf7-form-control-wrap\" data-name=\"ville\"><input size=\"40\" maxlength=\"400\" class=\"wpcf7-form-control wpcf7-text wpcf7-validates-as-required\" aria-required=\"true\" aria-invalid=\"false\" placeholder=\"City *\" value=\"\" type=\"text\" name=\"ville\" \/><\/span><span class=\"wpcf7-form-control-wrap\" data-name=\"pays\"><input size=\"40\" maxlength=\"400\" class=\"wpcf7-form-control wpcf7-text wpcf7-validates-as-required\" aria-required=\"true\" aria-invalid=\"false\" placeholder=\"Country *\" value=\"\" type=\"text\" name=\"pays\" \/><\/span>\n\t<\/p>\n<\/div>\n<div class=\"bottomForm\">\n\t<p><span class=\"wpcf7-form-control-wrap\" data-name=\"sujet\"><input size=\"40\" maxlength=\"400\" class=\"wpcf7-form-control wpcf7-text wpcf7-validates-as-required\" aria-required=\"true\" aria-invalid=\"false\" placeholder=\"Subject *\" value=\"\" type=\"text\" name=\"sujet\" \/><\/span><br \/>\n<span class=\"wpcf7-form-control-wrap\" data-name=\"message\"><textarea cols=\"40\" rows=\"10\" maxlength=\"2000\" class=\"wpcf7-form-control wpcf7-textarea wpcf7-validates-as-required\" aria-required=\"true\" aria-invalid=\"false\" placeholder=\"Your message...\" name=\"message\"><\/textarea><\/span><br \/>\n<span class=\"wpcf7-form-control-wrap\" data-name=\"your-consent\"><span class=\"wpcf7-form-control wpcf7-acceptance\"><span class=\"wpcf7-list-item\"><label><input type=\"checkbox\" name=\"your-consent\" value=\"1\" aria-invalid=\"false\" \/><span class=\"wpcf7-list-item-label\">By submitting this form, I accept that the information entered will be used within the strict framework of my request.<\/span><\/label><\/span><\/span><\/span>\n\t<\/p>\n\t<p class=\"infoForm\"><span>* Fields marked with an asterisk (*) are mandatory<\/span>. We are committed to ensuring that the collection and processing of your data from this website complies with the Data Protection Act and the General Protection Regulations. personal data (GDPR). In order to exercise your rights, in particular to access, correct or withdraw your personal data collected via this form, consult our Privacy Policy.\n\t<\/p>\n\t<p><button class=\"customBtnFull\" type=\"submit\">Send<\/button>\n\t<\/p>\n<\/div><div class=\"wpcf7-response-output\" aria-hidden=\"true\"><\/div>\n<\/form>\n<\/div>\nDomaine de la Mordor\u00e9e Madeleine &amp; Ambre DELORMEDELORME &#8211; PROPRI\u00c9TAIRES &#8211; R\u00c9COLTANTS250 chemin des Oliviers, 30126 TAVEL, France T\u00e9l\u00e9phone : +33(0)4.66.50.00.75Mail : info@domaine-mordoree.com &nbsp; Shop and wine tasting opening hours:Monday to friday: 8am &#8211; 12pm &amp; 1.30pm &#8211;\u00a0 5.30pm Saturdays\u00a0 : 9.30am &#8211; 17.30pm &nbsp; AIR-CONDITIONED CELLAR \u2013 [&hellip;]<\/p>\n","protected":false},"author":166,"featured_media":0,"parent":0,"menu_order":0,"comment_status":"closed","ping_status":"closed","template":"","meta":{"_acf_changed":false,"_seopress_robots_primary_cat":"","_seopress_titles_title":"","_seopress_titles_desc":"","_seopress_robots_index":"","_et_pb_use_builder":"on","_et_pb_old_content":"","_et_gb_content_width":"","inline_featured_image":false,"_mbp_gutenberg_autopost":false,"footnotes":""},"class_list":["post-8051","page","type-page","status-publish","hentry"],"acf":[],"_links":{"self":[{"href":"https:\/\/www.domaine-mordoree.com\/en\/wp-json\/wp\/v2\/pages\/8051","targetHints":{"allow":["GET"]}}],"collection":[{"href":"https:\/\/www.domaine-mordoree.com\/en\/wp-json\/wp\/v2\/pages"}],"about":[{"href":"https:\/\/www.domaine-mordoree.com\/en\/wp-json\/wp\/v2\/types\/page"}],"author":[{"embeddable":true,"href":"https:\/\/www.domaine-mordoree.com\/en\/wp-json\/wp\/v2\/users\/166"}],"replies":[{"embeddable":true,"href":"https:\/\/www.domaine-mordoree.com\/en\/wp-json\/wp\/v2\/comments?post=8051"}],"version-history":[{"count":15,"href":"https:\/\/www.domaine-mordoree.com\/en\/wp-json\/wp\/v2\/pages\/8051\/revisions"}],"predecessor-version":[{"id":12692,"href":"https:\/\/www.domaine-mordoree.com\/en\/wp-json\/wp\/v2\/pages\/8051\/revisions\/12692"}],"wp:attachment":[{"href":"https:\/\/www.domaine-mordoree.com\/en\/wp-json\/wp\/v2\/media?parent=8051"}],"curies":[{"name":"wp","href":"https:\/\/api.w.org\/{rel}","templated":true}]}}